{"id":174,"date":"2025-07-08T13:14:03","date_gmt":"2025-07-08T11:14:03","guid":{"rendered":"https:\/\/pharmconsult.com.pl\/?page_id=174"},"modified":"2025-09-18T15:19:58","modified_gmt":"2025-09-18T13:19:58","slug":"refundacja","status":"publish","type":"page","link":"https:\/\/pharmconsult.com.pl\/en\/refundacja\/","title":{"rendered":"REIMBURSEMENT"},"content":{"rendered":"<div data-elementor-type=\"wp-page\" data-elementor-id=\"174\" class=\"elementor elementor-174\" data-elementor-post-type=\"page\">\n\t\t\t\t<div class=\"elementor-element elementor-element-01ff663 e-flex e-con-boxed e-con e-parent\" data-id=\"01ff663\" data-element_type=\"container\" data-e-type=\"container\" data-settings=\"{&quot;shape_divider_bottom&quot;:&quot;waves&quot;,&quot;background_background&quot;:&quot;classic&quot;}\">\n\t\t\t\t\t<div class=\"e-con-inner\">\n\t\t\t\t<div class=\"elementor-shape elementor-shape-bottom\" aria-hidden=\"true\" data-negative=\"false\">\n\t\t\t<svg xmlns=\"http:\/\/www.w3.org\/2000\/svg\" viewbox=\"0 0 1000 100\" preserveaspectratio=\"none\">\n\t<path class=\"elementor-shape-fill\" d=\"M421.9,6.5c22.6-2.5,51.5,0.4,75.5,5.3c23.6,4.9,70.9,23.5,100.5,35.7c75.8,32.2,133.7,44.5,192.6,49.7\tc23.6,2.1,48.7,3.5,103.4-2.5c54.7-6,106.2-25.6,106.2-25.6V0H0v30.3c0,0,72,32.6,158.4,30.5c39.2-0.7,92.8-6.7,134-22.4\tc21.2-8.1,52.2-18.2,79.7-24.2C399.3,7.9,411.6,7.5,421.9,6.5z\"\/>\n<\/svg>\t\t<\/div>\n\t\t<div class=\"elementor-element elementor-element-278d8b0 e-con-full e-flex elementor-invisible e-con e-child\" data-id=\"278d8b0\" data-element_type=\"container\" data-e-type=\"container\" data-settings=\"{&quot;animation&quot;:&quot;fadeIn&quot;}\">\n\t\t\t\t<div class=\"elementor-element elementor-element-4995403 elementor-widget elementor-widget-heading\" data-id=\"4995403\" data-element_type=\"widget\" data-e-type=\"widget\" data-widget_type=\"heading.default\">\n\t\t\t\t\t<h2 class=\"elementor-heading-title elementor-size-default\">REIMBURSEMENT tailored to your goals<\/h2>\t\t\t\t<\/div>\n\t\t\t\t<div class=\"elementor-element elementor-element-a300c30 elementor-widget__width-inherit elementor-widget-mobile__width-inherit elementor-widget elementor-widget-text-editor\" data-id=\"a300c30\" data-element_type=\"widget\" data-e-type=\"widget\" data-widget_type=\"text-editor.default\">\n\t\t\t\t\t\t\t\t\t<p>We effectively support pharmaceutical companies in obtaining reimbursement \u2013 from strategy and analysis to negotiations and process monitoring.<\/p>\t\t\t\t\t\t\t\t<\/div>\n\t\t\t\t<\/div>\n\t\t\t\t\t<\/div>\n\t\t\t\t<\/div>\n\t\t<div class=\"elementor-element elementor-element-1673d0e e-con-full e-flex elementor-invisible e-con e-parent\" data-id=\"1673d0e\" data-element_type=\"container\" data-e-type=\"container\" data-settings=\"{&quot;animation&quot;:&quot;fadeIn&quot;}\">\n\t\t<div class=\"elementor-element elementor-element-a4448b9 e-con-full e-flex e-con e-child\" data-id=\"a4448b9\" data-element_type=\"container\" data-e-type=\"container\">\n\t\t\t\t<div class=\"elementor-element elementor-element-07a617c elementor-widget elementor-widget-heading\" data-id=\"07a617c\" data-element_type=\"widget\" data-e-type=\"widget\" data-widget_type=\"heading.default\">\n\t\t\t\t\t<h2 class=\"elementor-heading-title elementor-size-default\">We provide support in the reimbursement process and official price setting for medicinal products. <br>Our activities include:<\/h2>\t\t\t\t<\/div>\n\t\t\t\t<div class=\"elementor-element elementor-element-87df9f9 elementor-icon-list--layout-traditional elementor-list-item-link-full_width elementor-widget elementor-widget-icon-list\" data-id=\"87df9f9\" data-element_type=\"widget\" data-e-type=\"widget\" data-widget_type=\"icon-list.default\">\n\t\t\t\t\t\t\t<ul class=\"elementor-icon-list-items\">\n\t\t\t\t\t\t\t<li class=\"elementor-icon-list-item\">\n\t\t\t\t\t\t\t\t\t\t\t<span class=\"elementor-icon-list-icon\">\n\t\t\t\t\t\t\t<svg xmlns=\"http:\/\/www.w3.org\/2000\/svg\" width=\"32\" height=\"32\" viewbox=\"0 0 32 32\"><defs><radialgradient id=\"blueGradient\" cx=\"0%\" cy=\"0%\" r=\"100%\"><stop offset=\"0%\" stop-color=\"#D6EAF8\"><\/stop><stop offset=\"100%\" stop-color=\"#5DADE2\"><\/stop><\/radialgradient><\/defs><circle cx=\"16\" cy=\"16\" r=\"14\" fill=\"url(#blueGradient)\"><\/circle><\/svg>\t\t\t\t\t\t<\/span>\n\t\t\t\t\t\t\t\t\t\t<span class=\"elementor-icon-list-text\">Establishing an account for the marketing authorization holder in the SOLR system<\/span>\n\t\t\t\t\t\t\t\t\t<\/li>\n\t\t\t\t\t\t\t\t<li class=\"elementor-icon-list-item\">\n\t\t\t\t\t\t\t\t\t\t\t<span class=\"elementor-icon-list-icon\">\n\t\t\t\t\t\t\t<svg xmlns=\"http:\/\/www.w3.org\/2000\/svg\" width=\"32\" height=\"32\" viewbox=\"0 0 32 32\"><defs><radialgradient id=\"blueGradient\" cx=\"0%\" cy=\"0%\" r=\"100%\"><stop offset=\"0%\" stop-color=\"#D6EAF8\"><\/stop><stop offset=\"100%\" stop-color=\"#5DADE2\"><\/stop><\/radialgradient><\/defs><circle cx=\"16\" cy=\"16\" r=\"14\" fill=\"url(#blueGradient)\"><\/circle><\/svg>\t\t\t\t\t\t<\/span>\n\t\t\t\t\t\t\t\t\t\t<span class=\"elementor-icon-list-text\">Support in decision-making related to market access, including estimates of potential official selling price<\/span>\n\t\t\t\t\t\t\t\t\t<\/li>\n\t\t\t\t\t\t\t\t<li class=\"elementor-icon-list-item\">\n\t\t\t\t\t\t\t\t\t\t\t<span class=\"elementor-icon-list-icon\">\n\t\t\t\t\t\t\t<svg xmlns=\"http:\/\/www.w3.org\/2000\/svg\" width=\"32\" height=\"32\" viewbox=\"0 0 32 32\"><defs><radialgradient id=\"blueGradient\" cx=\"0%\" cy=\"0%\" r=\"100%\"><stop offset=\"0%\" stop-color=\"#D6EAF8\"><\/stop><stop offset=\"100%\" stop-color=\"#5DADE2\"><\/stop><\/radialgradient><\/defs><circle cx=\"16\" cy=\"16\" r=\"14\" fill=\"url(#blueGradient)\"><\/circle><\/svg>\t\t\t\t\t\t<\/span>\n\t\t\t\t\t\t\t\t\t\t<span class=\"elementor-icon-list-text\">Assistance in preparing documentation necessary for submission<\/span>\n\t\t\t\t\t\t\t\t\t<\/li>\n\t\t\t\t\t\t\t\t<li class=\"elementor-icon-list-item\">\n\t\t\t\t\t\t\t\t\t\t\t<span class=\"elementor-icon-list-icon\">\n\t\t\t\t\t\t\t<svg xmlns=\"http:\/\/www.w3.org\/2000\/svg\" width=\"32\" height=\"32\" viewbox=\"0 0 32 32\"><defs><radialgradient id=\"blueGradient\" cx=\"0%\" cy=\"0%\" r=\"100%\"><stop offset=\"0%\" stop-color=\"#D6EAF8\"><\/stop><stop offset=\"100%\" stop-color=\"#5DADE2\"><\/stop><\/radialgradient><\/defs><circle cx=\"16\" cy=\"16\" r=\"14\" fill=\"url(#blueGradient)\"><\/circle><\/svg>\t\t\t\t\t\t<\/span>\n\t\t\t\t\t\t\t\t\t\t<span class=\"elementor-icon-list-text\">Preparation of budget impact analysis for generic products (in cooperation with HTA companies)<\/span>\n\t\t\t\t\t\t\t\t\t<\/li>\n\t\t\t\t\t\t\t\t<li class=\"elementor-icon-list-item\">\n\t\t\t\t\t\t\t\t\t\t\t<span class=\"elementor-icon-list-icon\">\n\t\t\t\t\t\t\t<svg xmlns=\"http:\/\/www.w3.org\/2000\/svg\" width=\"32\" height=\"32\" viewbox=\"0 0 32 32\"><defs><radialgradient id=\"blueGradient\" cx=\"0%\" cy=\"0%\" r=\"100%\"><stop offset=\"0%\" stop-color=\"#D6EAF8\"><\/stop><stop offset=\"100%\" stop-color=\"#5DADE2\"><\/stop><\/radialgradient><\/defs><circle cx=\"16\" cy=\"16\" r=\"14\" fill=\"url(#blueGradient)\"><\/circle><\/svg>\t\t\t\t\t\t<\/span>\n\t\t\t\t\t\t\t\t\t\t<span class=\"elementor-icon-list-text\">Submission of documentation and monitoring of proceedings at the Ministry of Health<\/span>\n\t\t\t\t\t\t\t\t\t<\/li>\n\t\t\t\t\t\t\t\t<li class=\"elementor-icon-list-item\">\n\t\t\t\t\t\t\t\t\t\t\t<span class=\"elementor-icon-list-icon\">\n\t\t\t\t\t\t\t<svg xmlns=\"http:\/\/www.w3.org\/2000\/svg\" width=\"32\" height=\"32\" viewbox=\"0 0 32 32\"><defs><radialgradient id=\"blueGradient\" cx=\"0%\" cy=\"0%\" r=\"100%\"><stop offset=\"0%\" stop-color=\"#D6EAF8\"><\/stop><stop offset=\"100%\" stop-color=\"#5DADE2\"><\/stop><\/radialgradient><\/defs><circle cx=\"16\" cy=\"16\" r=\"14\" fill=\"url(#blueGradient)\"><\/circle><\/svg>\t\t\t\t\t\t<\/span>\n\t\t\t\t\t\t\t\t\t\t<span class=\"elementor-icon-list-text\">Support during negotiations with the Economic Committee<\/span>\n\t\t\t\t\t\t\t\t\t<\/li>\n\t\t\t\t\t\t\t\t<li class=\"elementor-icon-list-item\">\n\t\t\t\t\t\t\t\t\t\t\t<span class=\"elementor-icon-list-icon\">\n\t\t\t\t\t\t\t<svg xmlns=\"http:\/\/www.w3.org\/2000\/svg\" width=\"32\" height=\"32\" viewbox=\"0 0 32 32\"><defs><radialgradient id=\"blueGradient\" cx=\"0%\" cy=\"0%\" r=\"100%\"><stop offset=\"0%\" stop-color=\"#D6EAF8\"><\/stop><stop offset=\"100%\" stop-color=\"#5DADE2\"><\/stop><\/radialgradient><\/defs><circle cx=\"16\" cy=\"16\" r=\"14\" fill=\"url(#blueGradient)\"><\/circle><\/svg>\t\t\t\t\t\t<\/span>\n\t\t\t\t\t\t\t\t\t\t<span class=\"elementor-icon-list-text\">Support in projects aimed at obtaining reimbursement for previously non-reimbursed products (in cooperation with HTA agencies) \u2013 from application submission, coordination of procedures with the Ministry of Health and AOTMiT, to price negotiations<\/span>\n\t\t\t\t\t\t\t\t\t<\/li>\n\t\t\t\t\t\t<\/ul>\n\t\t\t\t\t\t<\/div>\n\t\t\t\t<\/div>\n\t\t<div class=\"elementor-element elementor-element-f2789de e-con-full e-flex e-con e-child\" data-id=\"f2789de\" data-element_type=\"container\" data-e-type=\"container\">\n\t\t\t\t<div class=\"elementor-element elementor-element-55f70b2 elementor-invisible elementor-widget elementor-widget-image\" data-id=\"55f70b2\" data-element_type=\"widget\" data-e-type=\"widget\" data-settings=\"{&quot;_animation&quot;:&quot;fadeInRight&quot;}\" data-widget_type=\"image.default\">\n\t\t\t\t\t\t\t\t\t\t\t\t\t\t\t<img fetchpriority=\"high\" decoding=\"async\" width=\"800\" height=\"450\" src=\"https:\/\/pharmconsult.com.pl\/wp-content\/uploads\/2025\/08\/nowa-1024x576.jpeg\" class=\"attachment-large size-large wp-image-383\" alt=\"\" srcset=\"https:\/\/pharmconsult.com.pl\/wp-content\/uploads\/2025\/08\/nowa-1024x576.jpeg 1024w, https:\/\/pharmconsult.com.pl\/wp-content\/uploads\/2025\/08\/nowa-300x169.jpeg 300w, https:\/\/pharmconsult.com.pl\/wp-content\/uploads\/2025\/08\/nowa-768x432.jpeg 768w, https:\/\/pharmconsult.com.pl\/wp-content\/uploads\/2025\/08\/nowa-1536x864.jpeg 1536w, https:\/\/pharmconsult.com.pl\/wp-content\/uploads\/2025\/08\/nowa-18x10.jpeg 18w, https:\/\/pharmconsult.com.pl\/wp-content\/uploads\/2025\/08\/nowa.jpeg 1600w\" sizes=\"(max-width: 800px) 100vw, 800px\" \/>\t\t\t\t\t\t\t\t\t\t\t\t\t\t\t<\/div>\n\t\t\t\t<\/div>\n\t\t\t\t<\/div>\n\t\t\t\t<\/div>","protected":false},"excerpt":{"rendered":"<p>Refundacja dopasowana do Twoich cel\u00f3w Skutecznie wspieramy firmy farmaceutyczne w uzyskaniu refundacji \u2013 od strategii i analiz, po negocjacje i monitoring post\u0119powania. Oferujemy Pa\u0144stwu wsparcie w procesie obj\u0119cia refundacj\u0105 i ustalenia urz\u0119dowej ceny zbytu dla produkt\u00f3w leczniczych. Dzia\u0142ania te obejmuj\u0105: Za\u0142o\u017cenie konta podmiotu odpowiedzialnego w systemie SOLR Wsparcie w procesie podejmowania decyzji zwi\u0105zanych z szeroko [&hellip;]<\/p>\n","protected":false},"author":1,"featured_media":0,"parent":0,"menu_order":0,"comment_status":"closed","ping_status":"closed","template":"elementor_header_footer","meta":{"footnotes":""},"class_list":["post-174","page","type-page","status-publish","hentry"],"_links":{"self":[{"href":"https:\/\/pharmconsult.com.pl\/en\/wp-json\/wp\/v2\/pages\/174","targetHints":{"allow":["GET"]}}],"collection":[{"href":"https:\/\/pharmconsult.com.pl\/en\/wp-json\/wp\/v2\/pages"}],"about":[{"href":"https:\/\/pharmconsult.com.pl\/en\/wp-json\/wp\/v2\/types\/page"}],"author":[{"embeddable":true,"href":"https:\/\/pharmconsult.com.pl\/en\/wp-json\/wp\/v2\/users\/1"}],"replies":[{"embeddable":true,"href":"https:\/\/pharmconsult.com.pl\/en\/wp-json\/wp\/v2\/comments?post=174"}],"version-history":[{"count":40,"href":"https:\/\/pharmconsult.com.pl\/en\/wp-json\/wp\/v2\/pages\/174\/revisions"}],"predecessor-version":[{"id":496,"href":"https:\/\/pharmconsult.com.pl\/en\/wp-json\/wp\/v2\/pages\/174\/revisions\/496"}],"wp:attachment":[{"href":"https:\/\/pharmconsult.com.pl\/en\/wp-json\/wp\/v2\/media?parent=174"}],"curies":[{"name":"wp","href":"https:\/\/api.w.org\/{rel}","templated":true}]}}