{"id":204,"date":"2025-07-08T13:20:38","date_gmt":"2025-07-08T11:20:38","guid":{"rendered":"https:\/\/pharmconsult.com.pl\/?page_id=204"},"modified":"2025-09-18T15:20:04","modified_gmt":"2025-09-18T13:20:04","slug":"monitorowanie-bezpieczenstwa","status":"publish","type":"page","link":"https:\/\/pharmconsult.com.pl\/en\/monitorowanie-bezpieczenstwa\/","title":{"rendered":"Pharmacovigilance"},"content":{"rendered":"<div data-elementor-type=\"wp-page\" data-elementor-id=\"204\" class=\"elementor elementor-204\" data-elementor-post-type=\"page\">\n\t\t\t\t<div class=\"elementor-element elementor-element-ef194d0 e-flex e-con-boxed e-con e-parent\" data-id=\"ef194d0\" data-element_type=\"container\" data-e-type=\"container\" data-settings=\"{&quot;shape_divider_bottom&quot;:&quot;waves&quot;,&quot;background_background&quot;:&quot;classic&quot;}\">\n\t\t\t\t\t<div class=\"e-con-inner\">\n\t\t\t\t<div class=\"elementor-shape elementor-shape-bottom\" aria-hidden=\"true\" data-negative=\"false\">\n\t\t\t<svg xmlns=\"http:\/\/www.w3.org\/2000\/svg\" viewbox=\"0 0 1000 100\" preserveaspectratio=\"none\">\n\t<path class=\"elementor-shape-fill\" d=\"M421.9,6.5c22.6-2.5,51.5,0.4,75.5,5.3c23.6,4.9,70.9,23.5,100.5,35.7c75.8,32.2,133.7,44.5,192.6,49.7\tc23.6,2.1,48.7,3.5,103.4-2.5c54.7-6,106.2-25.6,106.2-25.6V0H0v30.3c0,0,72,32.6,158.4,30.5c39.2-0.7,92.8-6.7,134-22.4\tc21.2-8.1,52.2-18.2,79.7-24.2C399.3,7.9,411.6,7.5,421.9,6.5z\"\/>\n<\/svg>\t\t<\/div>\n\t\t<div class=\"elementor-element elementor-element-ab53aa5 e-con-full e-flex elementor-invisible e-con e-child\" data-id=\"ab53aa5\" data-element_type=\"container\" data-e-type=\"container\" data-settings=\"{&quot;animation&quot;:&quot;fadeIn&quot;}\">\n\t\t\t\t<div class=\"elementor-element elementor-element-3dd370e elementor-widget elementor-widget-heading\" data-id=\"3dd370e\" data-element_type=\"widget\" data-e-type=\"widget\" data-widget_type=\"heading.default\">\n\t\t\t\t\t<h2 class=\"elementor-heading-title elementor-size-default\">Pharmacotherapy safety under full control<\/h2>\t\t\t\t<\/div>\n\t\t\t\t<div class=\"elementor-element elementor-element-6a48eda elementor-widget__width-inherit elementor-widget-mobile__width-inherit elementor-widget elementor-widget-text-editor\" data-id=\"6a48eda\" data-element_type=\"widget\" data-e-type=\"widget\" data-widget_type=\"text-editor.default\">\n\t\t\t\t\t\t\t\t\t<p><span class=\"html-span xdj266r x14z9mp xat24cr x1lziwak xexx8yu xyri2b x18d9i69 x1c1uobl x1hl2dhg x16tdsg8 x1vvkbs x4k7w5x x1h91t0o x1h9r5lt x1jfb8zj xv2umb2 x1beo9mf xaigb6o x12ejxvf x3igimt xarpa2k xedcshv x1lytzrv x1t2pt76 x7ja8zs x1qrby5j\"><span class=\"x193iq5w xeuugli x13faqbe x1vvkbs x1xmvt09 x1lliihq x1s928wv xhkezso x1gmr53x x1cpjm7i x1fgarty x1943h6x xudqn12 x3x7a5m x6prxxf xvq8zen xo1l8bm xzsf02u\" dir=\"auto\">We comprehensively manage the pharmacovigilance system \u2013 from receiving reports and analyses to cooperation with URPL and Eudravigilance.<\/span><\/span><\/p>\t\t\t\t\t\t\t\t<\/div>\n\t\t\t\t<\/div>\n\t\t\t\t\t<\/div>\n\t\t\t\t<\/div>\n\t\t<div class=\"elementor-element elementor-element-ef7c334 e-con-full e-flex elementor-invisible e-con e-parent\" data-id=\"ef7c334\" data-element_type=\"container\" data-e-type=\"container\" data-settings=\"{&quot;animation&quot;:&quot;fadeIn&quot;}\">\n\t\t<div class=\"elementor-element elementor-element-4522b98 e-con-full e-flex elementor-invisible e-con e-child\" data-id=\"4522b98\" data-element_type=\"container\" data-e-type=\"container\" data-settings=\"{&quot;animation&quot;:&quot;fadeInLeft&quot;}\">\n\t\t\t\t<div class=\"elementor-element elementor-element-233a453 elementor-widget elementor-widget-heading\" data-id=\"233a453\" data-element_type=\"widget\" data-e-type=\"widget\" data-widget_type=\"heading.default\">\n\t\t\t\t\t<h2 class=\"elementor-heading-title elementor-size-default\">Our pharmacovigilance services include implementation of client products into PharmConsult\u2019s own system and full management of pharmacovigilance activities, including:<\/h2>\t\t\t\t<\/div>\n\t\t\t\t<div class=\"elementor-element elementor-element-14292db elementor-icon-list--layout-traditional elementor-list-item-link-full_width elementor-widget elementor-widget-icon-list\" data-id=\"14292db\" data-element_type=\"widget\" data-e-type=\"widget\" data-widget_type=\"icon-list.default\">\n\t\t\t\t\t\t\t<ul class=\"elementor-icon-list-items\">\n\t\t\t\t\t\t\t<li class=\"elementor-icon-list-item\">\n\t\t\t\t\t\t\t\t\t\t\t<span class=\"elementor-icon-list-icon\">\n\t\t\t\t\t\t\t<svg xmlns=\"http:\/\/www.w3.org\/2000\/svg\" width=\"32\" height=\"32\" viewbox=\"0 0 32 32\"><defs><radialgradient id=\"blueGradient\" cx=\"0%\" cy=\"0%\" r=\"100%\"><stop offset=\"0%\" stop-color=\"#D6EAF8\"><\/stop><stop offset=\"100%\" stop-color=\"#5DADE2\"><\/stop><\/radialgradient><\/defs><circle cx=\"16\" cy=\"16\" r=\"14\" fill=\"url(#blueGradient)\"><\/circle><\/svg>\t\t\t\t\t\t<\/span>\n\t\t\t\t\t\t\t\t\t\t<span class=\"elementor-icon-list-text\">QPPV service<\/span>\n\t\t\t\t\t\t\t\t\t<\/li>\n\t\t\t\t\t\t\t\t<li class=\"elementor-icon-list-item\">\n\t\t\t\t\t\t\t\t\t\t\t<span class=\"elementor-icon-list-icon\">\n\t\t\t\t\t\t\t<svg xmlns=\"http:\/\/www.w3.org\/2000\/svg\" width=\"32\" height=\"32\" viewbox=\"0 0 32 32\"><defs><radialgradient id=\"blueGradient\" cx=\"0%\" cy=\"0%\" r=\"100%\"><stop offset=\"0%\" stop-color=\"#D6EAF8\"><\/stop><stop offset=\"100%\" stop-color=\"#5DADE2\"><\/stop><\/radialgradient><\/defs><circle cx=\"16\" cy=\"16\" r=\"14\" fill=\"url(#blueGradient)\"><\/circle><\/svg>\t\t\t\t\t\t<\/span>\n\t\t\t\t\t\t\t\t\t\t<span class=\"elementor-icon-list-text\">Preparation of Periodic Safety Update Reports (PSUR) with clinical expert reports<\/span>\n\t\t\t\t\t\t\t\t\t<\/li>\n\t\t\t\t\t\t\t\t<li class=\"elementor-icon-list-item\">\n\t\t\t\t\t\t\t\t\t\t\t<span class=\"elementor-icon-list-icon\">\n\t\t\t\t\t\t\t<svg xmlns=\"http:\/\/www.w3.org\/2000\/svg\" width=\"32\" height=\"32\" viewbox=\"0 0 32 32\"><defs><radialgradient id=\"blueGradient\" cx=\"0%\" cy=\"0%\" r=\"100%\"><stop offset=\"0%\" stop-color=\"#D6EAF8\"><\/stop><stop offset=\"100%\" stop-color=\"#5DADE2\"><\/stop><\/radialgradient><\/defs><circle cx=\"16\" cy=\"16\" r=\"14\" fill=\"url(#blueGradient)\"><\/circle><\/svg>\t\t\t\t\t\t<\/span>\n\t\t\t\t\t\t\t\t\t\t<span class=\"elementor-icon-list-text\">Preparation of Risk Management Plans (RMP)<\/span>\n\t\t\t\t\t\t\t\t\t<\/li>\n\t\t\t\t\t\t\t\t<li class=\"elementor-icon-list-item\">\n\t\t\t\t\t\t\t\t\t\t\t<span class=\"elementor-icon-list-icon\">\n\t\t\t\t\t\t\t<svg xmlns=\"http:\/\/www.w3.org\/2000\/svg\" width=\"32\" height=\"32\" viewbox=\"0 0 32 32\"><defs><radialgradient id=\"blueGradient\" cx=\"0%\" cy=\"0%\" r=\"100%\"><stop offset=\"0%\" stop-color=\"#D6EAF8\"><\/stop><stop offset=\"100%\" stop-color=\"#5DADE2\"><\/stop><\/radialgradient><\/defs><circle cx=\"16\" cy=\"16\" r=\"14\" fill=\"url(#blueGradient)\"><\/circle><\/svg>\t\t\t\t\t\t<\/span>\n\t\t\t\t\t\t\t\t\t\t<span class=\"elementor-icon-list-text\">Preparation of summaries describing adverse event monitoring systems<\/span>\n\t\t\t\t\t\t\t\t\t<\/li>\n\t\t\t\t\t\t\t\t<li class=\"elementor-icon-list-item\">\n\t\t\t\t\t\t\t\t\t\t\t<span class=\"elementor-icon-list-icon\">\n\t\t\t\t\t\t\t<svg xmlns=\"http:\/\/www.w3.org\/2000\/svg\" width=\"32\" height=\"32\" viewbox=\"0 0 32 32\"><defs><radialgradient id=\"blueGradient\" cx=\"0%\" cy=\"0%\" r=\"100%\"><stop offset=\"0%\" stop-color=\"#D6EAF8\"><\/stop><stop offset=\"100%\" stop-color=\"#5DADE2\"><\/stop><\/radialgradient><\/defs><circle cx=\"16\" cy=\"16\" r=\"14\" fill=\"url(#blueGradient)\"><\/circle><\/svg>\t\t\t\t\t\t<\/span>\n\t\t\t\t\t\t\t\t\t\t<span class=\"elementor-icon-list-text\">Development of required procedures and instructions<\/span>\n\t\t\t\t\t\t\t\t\t<\/li>\n\t\t\t\t\t\t\t\t<li class=\"elementor-icon-list-item\">\n\t\t\t\t\t\t\t\t\t\t\t<span class=\"elementor-icon-list-icon\">\n\t\t\t\t\t\t\t<svg xmlns=\"http:\/\/www.w3.org\/2000\/svg\" width=\"32\" height=\"32\" viewbox=\"0 0 32 32\"><defs><radialgradient id=\"blueGradient\" cx=\"0%\" cy=\"0%\" r=\"100%\"><stop offset=\"0%\" stop-color=\"#D6EAF8\"><\/stop><stop offset=\"100%\" stop-color=\"#5DADE2\"><\/stop><\/radialgradient><\/defs><circle cx=\"16\" cy=\"16\" r=\"14\" fill=\"url(#blueGradient)\"><\/circle><\/svg>\t\t\t\t\t\t<\/span>\n\t\t\t\t\t\t\t\t\t\t<span class=\"elementor-icon-list-text\">Personnel training \u2013 initial and periodic<\/span>\n\t\t\t\t\t\t\t\t\t<\/li>\n\t\t\t\t\t\t\t\t<li class=\"elementor-icon-list-item\">\n\t\t\t\t\t\t\t\t\t\t\t<span class=\"elementor-icon-list-icon\">\n\t\t\t\t\t\t\t<svg xmlns=\"http:\/\/www.w3.org\/2000\/svg\" width=\"32\" height=\"32\" viewbox=\"0 0 32 32\"><defs><radialgradient id=\"blueGradient\" cx=\"0%\" cy=\"0%\" r=\"100%\"><stop offset=\"0%\" stop-color=\"#D6EAF8\"><\/stop><stop offset=\"100%\" stop-color=\"#5DADE2\"><\/stop><\/radialgradient><\/defs><circle cx=\"16\" cy=\"16\" r=\"14\" fill=\"url(#blueGradient)\"><\/circle><\/svg>\t\t\t\t\t\t<\/span>\n\t\t\t\t\t\t\t\t\t\t<span class=\"elementor-icon-list-text\">Maintaining adverse event registries<\/span>\n\t\t\t\t\t\t\t\t\t<\/li>\n\t\t\t\t\t\t\t\t<li class=\"elementor-icon-list-item\">\n\t\t\t\t\t\t\t\t\t\t\t<span class=\"elementor-icon-list-icon\">\n\t\t\t\t\t\t\t<svg xmlns=\"http:\/\/www.w3.org\/2000\/svg\" width=\"32\" height=\"32\" viewbox=\"0 0 32 32\"><defs><radialgradient id=\"blueGradient\" cx=\"0%\" cy=\"0%\" r=\"100%\"><stop offset=\"0%\" stop-color=\"#D6EAF8\"><\/stop><stop offset=\"100%\" stop-color=\"#5DADE2\"><\/stop><\/radialgradient><\/defs><circle cx=\"16\" cy=\"16\" r=\"14\" fill=\"url(#blueGradient)\"><\/circle><\/svg>\t\t\t\t\t\t<\/span>\n\t\t\t\t\t\t\t\t\t\t<span class=\"elementor-icon-list-text\">Signal detection<\/span>\n\t\t\t\t\t\t\t\t\t<\/li>\n\t\t\t\t\t\t\t\t<li class=\"elementor-icon-list-item\">\n\t\t\t\t\t\t\t\t\t\t\t<span class=\"elementor-icon-list-icon\">\n\t\t\t\t\t\t\t<svg xmlns=\"http:\/\/www.w3.org\/2000\/svg\" width=\"32\" height=\"32\" viewbox=\"0 0 32 32\"><defs><radialgradient id=\"blueGradient\" cx=\"0%\" cy=\"0%\" r=\"100%\"><stop offset=\"0%\" stop-color=\"#D6EAF8\"><\/stop><stop offset=\"100%\" stop-color=\"#5DADE2\"><\/stop><\/radialgradient><\/defs><circle cx=\"16\" cy=\"16\" r=\"14\" fill=\"url(#blueGradient)\"><\/circle><\/svg>\t\t\t\t\t\t<\/span>\n\t\t\t\t\t\t\t\t\t\t<span class=\"elementor-icon-list-text\">Receiving adverse event reports from various sources, classification, and causality assessment<\/span>\n\t\t\t\t\t\t\t\t\t<\/li>\n\t\t\t\t\t\t\t\t<li class=\"elementor-icon-list-item\">\n\t\t\t\t\t\t\t\t\t\t\t<span class=\"elementor-icon-list-icon\">\n\t\t\t\t\t\t\t<svg xmlns=\"http:\/\/www.w3.org\/2000\/svg\" width=\"32\" height=\"32\" viewbox=\"0 0 32 32\"><defs><radialgradient id=\"blueGradient\" cx=\"0%\" cy=\"0%\" r=\"100%\"><stop offset=\"0%\" stop-color=\"#D6EAF8\"><\/stop><stop offset=\"100%\" stop-color=\"#5DADE2\"><\/stop><\/radialgradient><\/defs><circle cx=\"16\" cy=\"16\" r=\"14\" fill=\"url(#blueGradient)\"><\/circle><\/svg>\t\t\t\t\t\t<\/span>\n\t\t\t\t\t\t\t\t\t\t<span class=\"elementor-icon-list-text\">Literature review<\/span>\n\t\t\t\t\t\t\t\t\t<\/li>\n\t\t\t\t\t\t\t\t<li class=\"elementor-icon-list-item\">\n\t\t\t\t\t\t\t\t\t\t\t<span class=\"elementor-icon-list-icon\">\n\t\t\t\t\t\t\t<svg xmlns=\"http:\/\/www.w3.org\/2000\/svg\" width=\"32\" height=\"32\" viewbox=\"0 0 32 32\"><defs><radialgradient id=\"blueGradient\" cx=\"0%\" cy=\"0%\" r=\"100%\"><stop offset=\"0%\" stop-color=\"#D6EAF8\"><\/stop><stop offset=\"100%\" stop-color=\"#5DADE2\"><\/stop><\/radialgradient><\/defs><circle cx=\"16\" cy=\"16\" r=\"14\" fill=\"url(#blueGradient)\"><\/circle><\/svg>\t\t\t\t\t\t<\/span>\n\t\t\t\t\t\t\t\t\t\t<span class=\"elementor-icon-list-text\">Management of the EudraVigilance system (including XEVMPD)<\/span>\n\t\t\t\t\t\t\t\t\t<\/li>\n\t\t\t\t\t\t\t\t<li class=\"elementor-icon-list-item\">\n\t\t\t\t\t\t\t\t\t\t\t<span class=\"elementor-icon-list-icon\">\n\t\t\t\t\t\t\t<svg xmlns=\"http:\/\/www.w3.org\/2000\/svg\" width=\"32\" height=\"32\" viewbox=\"0 0 32 32\"><defs><radialgradient id=\"blueGradient\" cx=\"0%\" cy=\"0%\" r=\"100%\"><stop offset=\"0%\" stop-color=\"#D6EAF8\"><\/stop><stop offset=\"100%\" stop-color=\"#5DADE2\"><\/stop><\/radialgradient><\/defs><circle cx=\"16\" cy=\"16\" r=\"14\" fill=\"url(#blueGradient)\"><\/circle><\/svg>\t\t\t\t\t\t<\/span>\n\t\t\t\t\t\t\t\t\t\t<span class=\"elementor-icon-list-text\">Development of local versions of risk minimisation measures (RMMs)<\/span>\n\t\t\t\t\t\t\t\t\t<\/li>\n\t\t\t\t\t\t<\/ul>\n\t\t\t\t\t\t<\/div>\n\t\t\t\t<\/div>\n\t\t<div class=\"elementor-element elementor-element-ac27564 e-con-full e-flex elementor-invisible e-con e-child\" data-id=\"ac27564\" data-element_type=\"container\" data-e-type=\"container\" data-settings=\"{&quot;animation&quot;:&quot;fadeInRight&quot;}\">\n\t\t\t\t<div class=\"elementor-element elementor-element-3f3a15c elementor-widget elementor-widget-heading\" data-id=\"3f3a15c\" data-element_type=\"widget\" data-e-type=\"widget\" data-widget_type=\"heading.default\">\n\t\t\t\t\t<h2 class=\"elementor-heading-title elementor-size-default\">We also offer the service of a local qualified person responsible for pharmacovigilance (LQPPV), whose activities include:<\/h2>\t\t\t\t<\/div>\n\t\t\t\t<div class=\"elementor-element elementor-element-8e4f9d6 elementor-icon-list--layout-traditional elementor-list-item-link-full_width elementor-widget elementor-widget-icon-list\" data-id=\"8e4f9d6\" data-element_type=\"widget\" data-e-type=\"widget\" data-widget_type=\"icon-list.default\">\n\t\t\t\t\t\t\t<ul class=\"elementor-icon-list-items\">\n\t\t\t\t\t\t\t<li class=\"elementor-icon-list-item\">\n\t\t\t\t\t\t\t\t\t\t\t<span class=\"elementor-icon-list-icon\">\n\t\t\t\t\t\t\t<svg xmlns=\"http:\/\/www.w3.org\/2000\/svg\" width=\"32\" height=\"32\" viewbox=\"0 0 32 32\"><defs><radialgradient id=\"blueGradient\" cx=\"0%\" cy=\"0%\" r=\"100%\"><stop offset=\"0%\" stop-color=\"#D6EAF8\"><\/stop><stop offset=\"100%\" stop-color=\"#5DADE2\"><\/stop><\/radialgradient><\/defs><circle cx=\"16\" cy=\"16\" r=\"14\" fill=\"url(#blueGradient)\"><\/circle><\/svg>\t\t\t\t\t\t<\/span>\n\t\t\t\t\t\t\t\t\t\t<span class=\"elementor-icon-list-text\">Training locally employed personnel for the marketing authorization holder \u2013 initial and periodic<\/span>\n\t\t\t\t\t\t\t\t\t<\/li>\n\t\t\t\t\t\t\t\t<li class=\"elementor-icon-list-item\">\n\t\t\t\t\t\t\t\t\t\t\t<span class=\"elementor-icon-list-icon\">\n\t\t\t\t\t\t\t<svg xmlns=\"http:\/\/www.w3.org\/2000\/svg\" width=\"32\" height=\"32\" viewbox=\"0 0 32 32\"><defs><radialgradient id=\"blueGradient\" cx=\"0%\" cy=\"0%\" r=\"100%\"><stop offset=\"0%\" stop-color=\"#D6EAF8\"><\/stop><stop offset=\"100%\" stop-color=\"#5DADE2\"><\/stop><\/radialgradient><\/defs><circle cx=\"16\" cy=\"16\" r=\"14\" fill=\"url(#blueGradient)\"><\/circle><\/svg>\t\t\t\t\t\t<\/span>\n\t\t\t\t\t\t\t\t\t\t<span class=\"elementor-icon-list-text\">Maintaining adverse event registries<\/span>\n\t\t\t\t\t\t\t\t\t<\/li>\n\t\t\t\t\t\t\t\t<li class=\"elementor-icon-list-item\">\n\t\t\t\t\t\t\t\t\t\t\t<span class=\"elementor-icon-list-icon\">\n\t\t\t\t\t\t\t<svg xmlns=\"http:\/\/www.w3.org\/2000\/svg\" width=\"32\" height=\"32\" viewbox=\"0 0 32 32\"><defs><radialgradient id=\"blueGradient\" cx=\"0%\" cy=\"0%\" r=\"100%\"><stop offset=\"0%\" stop-color=\"#D6EAF8\"><\/stop><stop offset=\"100%\" stop-color=\"#5DADE2\"><\/stop><\/radialgradient><\/defs><circle cx=\"16\" cy=\"16\" r=\"14\" fill=\"url(#blueGradient)\"><\/circle><\/svg>\t\t\t\t\t\t<\/span>\n\t\t\t\t\t\t\t\t\t\t<span class=\"elementor-icon-list-text\">Signal detection<\/span>\n\t\t\t\t\t\t\t\t\t<\/li>\n\t\t\t\t\t\t\t\t<li class=\"elementor-icon-list-item\">\n\t\t\t\t\t\t\t\t\t\t\t<span class=\"elementor-icon-list-icon\">\n\t\t\t\t\t\t\t<svg xmlns=\"http:\/\/www.w3.org\/2000\/svg\" width=\"32\" height=\"32\" viewbox=\"0 0 32 32\"><defs><radialgradient id=\"blueGradient\" cx=\"0%\" cy=\"0%\" r=\"100%\"><stop offset=\"0%\" stop-color=\"#D6EAF8\"><\/stop><stop offset=\"100%\" stop-color=\"#5DADE2\"><\/stop><\/radialgradient><\/defs><circle cx=\"16\" cy=\"16\" r=\"14\" fill=\"url(#blueGradient)\"><\/circle><\/svg>\t\t\t\t\t\t<\/span>\n\t\t\t\t\t\t\t\t\t\t<span class=\"elementor-icon-list-text\">Receiving adverse event reports from various sources and transferring detected signals to the QPPV<\/span>\n\t\t\t\t\t\t\t\t\t<\/li>\n\t\t\t\t\t\t\t\t<li class=\"elementor-icon-list-item\">\n\t\t\t\t\t\t\t\t\t\t\t<span class=\"elementor-icon-list-icon\">\n\t\t\t\t\t\t\t<svg xmlns=\"http:\/\/www.w3.org\/2000\/svg\" width=\"32\" height=\"32\" viewbox=\"0 0 32 32\"><defs><radialgradient id=\"blueGradient\" cx=\"0%\" cy=\"0%\" r=\"100%\"><stop offset=\"0%\" stop-color=\"#D6EAF8\"><\/stop><stop offset=\"100%\" stop-color=\"#5DADE2\"><\/stop><\/radialgradient><\/defs><circle cx=\"16\" cy=\"16\" r=\"14\" fill=\"url(#blueGradient)\"><\/circle><\/svg>\t\t\t\t\t\t<\/span>\n\t\t\t\t\t\t\t\t\t\t<span class=\"elementor-icon-list-text\">Literature review<\/span>\n\t\t\t\t\t\t\t\t\t<\/li>\n\t\t\t\t\t\t\t\t<li class=\"elementor-icon-list-item\">\n\t\t\t\t\t\t\t\t\t\t\t<span class=\"elementor-icon-list-icon\">\n\t\t\t\t\t\t\t<svg xmlns=\"http:\/\/www.w3.org\/2000\/svg\" width=\"32\" height=\"32\" viewbox=\"0 0 32 32\"><defs><radialgradient id=\"blueGradient\" cx=\"0%\" cy=\"0%\" r=\"100%\"><stop offset=\"0%\" stop-color=\"#D6EAF8\"><\/stop><stop offset=\"100%\" stop-color=\"#5DADE2\"><\/stop><\/radialgradient><\/defs><circle cx=\"16\" cy=\"16\" r=\"14\" fill=\"url(#blueGradient)\"><\/circle><\/svg>\t\t\t\t\t\t<\/span>\n\t\t\t\t\t\t\t\t\t\t<span class=\"elementor-icon-list-text\">Cooperation with the Office for Registration on behalf of the marketing authorization holder<\/span>\n\t\t\t\t\t\t\t\t\t<\/li>\n\t\t\t\t\t\t\t\t<li class=\"elementor-icon-list-item\">\n\t\t\t\t\t\t\t\t\t\t\t<span class=\"elementor-icon-list-icon\">\n\t\t\t\t\t\t\t<svg xmlns=\"http:\/\/www.w3.org\/2000\/svg\" width=\"32\" height=\"32\" viewbox=\"0 0 32 32\"><defs><radialgradient id=\"blueGradient\" cx=\"0%\" cy=\"0%\" r=\"100%\"><stop offset=\"0%\" stop-color=\"#D6EAF8\"><\/stop><stop offset=\"100%\" stop-color=\"#5DADE2\"><\/stop><\/radialgradient><\/defs><circle cx=\"16\" cy=\"16\" r=\"14\" fill=\"url(#blueGradient)\"><\/circle><\/svg>\t\t\t\t\t\t<\/span>\n\t\t\t\t\t\t\t\t\t\t<span class=\"elementor-icon-list-text\">Preparation of local versions of risk minimization measures, assessment of materials, conducting the approval procedure by URPLWMiPB, and their implementation<\/span>\n\t\t\t\t\t\t\t\t\t<\/li>\n\t\t\t\t\t\t<\/ul>\n\t\t\t\t\t\t<\/div>\n\t\t\t\t<\/div>\n\t\t\t\t<\/div>\n\t\t\t\t<\/div>","protected":false},"excerpt":{"rendered":"<p>Bezpiecze\u0144stwo farmakoterapii pod pe\u0142n\u0105 kontrol\u0105 Kompleksowo zarz\u0105dzamy systemem pharmacovigilance \u2013 od przyjmowania zg\u0142osze\u0144 i prowadzenie analiz, po wsp\u00f3\u0142prac\u0119 z URPL oraz zarz\u0105dzanie Eudravigilance. Oferta w zakresie monitorowania bezpiecze\u0144stwa obejmuje implementacj\u0119 produkt\u00f3w klienta do w\u0142asnego systemu PharmConsult oraz zarz\u0105dzanie systemem pharmacovigilance w pe\u0142nym zakresie obejmuj\u0105cym: Us\u0142ug\u0119 QPPV Opracowanie Okresowych Raport\u00f3w o Bezpiecze\u0144stwie Stosowania (PSUR) wraz z [&hellip;]<\/p>\n","protected":false},"author":1,"featured_media":0,"parent":0,"menu_order":0,"comment_status":"closed","ping_status":"closed","template":"elementor_header_footer","meta":{"footnotes":""},"class_list":["post-204","page","type-page","status-publish","hentry"],"_links":{"self":[{"href":"https:\/\/pharmconsult.com.pl\/en\/wp-json\/wp\/v2\/pages\/204","targetHints":{"allow":["GET"]}}],"collection":[{"href":"https:\/\/pharmconsult.com.pl\/en\/wp-json\/wp\/v2\/pages"}],"about":[{"href":"https:\/\/pharmconsult.com.pl\/en\/wp-json\/wp\/v2\/types\/page"}],"author":[{"embeddable":true,"href":"https:\/\/pharmconsult.com.pl\/en\/wp-json\/wp\/v2\/users\/1"}],"replies":[{"embeddable":true,"href":"https:\/\/pharmconsult.com.pl\/en\/wp-json\/wp\/v2\/comments?post=204"}],"version-history":[{"count":37,"href":"https:\/\/pharmconsult.com.pl\/en\/wp-json\/wp\/v2\/pages\/204\/revisions"}],"predecessor-version":[{"id":499,"href":"https:\/\/pharmconsult.com.pl\/en\/wp-json\/wp\/v2\/pages\/204\/revisions\/499"}],"wp:attachment":[{"href":"https:\/\/pharmconsult.com.pl\/en\/wp-json\/wp\/v2\/media?parent=204"}],"curies":[{"name":"wp","href":"https:\/\/api.w.org\/{rel}","templated":true}]}}